{"id":551,"date":"2018-08-22T16:59:31","date_gmt":"2018-08-22T16:59:31","guid":{"rendered":"http:\/\/www.perfectscreen.eu\/pantallas\/?page_id=551"},"modified":"2023-02-18T10:19:15","modified_gmt":"2023-02-18T10:19:15","slug":"politica-de-privacidad","status":"publish","type":"page","link":"http:\/\/www.perfectscreen.eu\/pantallas\/perfectscreen\/politica-de-privacidad\/","title":{"rendered":"Pol\u00edtica de privacidad"},"content":{"rendered":"<p><strong><u>POL\u00cdTICA DE PRIVACIDAD \/ PROTECCI\u00d3N DE DATOS PERSONALES<\/u><\/strong><\/p>\n<p>AdriGi Canarias, S.L.U., con C.I.F. B-76323484, le informa, conforme dispone los art\u00edculos 13\u00a0 y 14 del Reglamento General Europeo de Protecci\u00f3n de Datos 679\/2016, de 27 de abril (RGPD), que los datos personales que nos ha facilitado, ser\u00e1n tratados por AdriGi Canarias, S.L.U., como Responsable del tratamiento, a efectos\/ con la finalidad de cumplir los compromisos entre las partes, gestiones relacionadas con la precontrataci\u00f3n\/contrataci\u00f3n, mantenimiento de la relaci\u00f3n precontractual\/contractual.<\/p>\n<p>Asimismo, se consiente y autoriza expresamente a AdriGi Canarias, S.L.U., a la gesti\u00f3n y tratamiento de los datos personales con las finalidades anteriormente mencionadas.<\/p>\n<p>El interesado tendr\u00e1 derecho a retirar su consentimiento en cualquier momento. La retirada del consentimiento no afectar\u00e1 a la licitud del tratamiento basada en el consentimiento previo a su retirada. (art\u00edculo 7.3 del RGPD).<\/p>\n<p>En el supuesto de producirse alguna modificaci\u00f3n\/variaci\u00f3n de sus datos personales, rogamos nos lo comunique debidamente por escrito, con la finalidad de mantener sus datos personales actualizados.<\/p>\n<p>AdriGi Canarias, S.L.U., garantiza el buen uso de la informaci\u00f3n, y en especial a los datos de car\u00e1cter personal contenidos en nuestros ficheros, as\u00ed como el pleno cumplimiento de las obligaciones en materia de protecci\u00f3n de datos de car\u00e1cter personal.<\/p>\n<p>AdriGi Canarias, S.L.U., aplicar\u00e1n medidas t\u00e9cnicas y organizativas apropiadas para garantizar un nivel de seguridad adecuado al riesgo, que en su caso incluya, en conformidad con lo dispuesto en el art\u00edculo 32 Reglamento General Europeo de Protecci\u00f3n de Datos 679\/2016, de 27 de abril (RGPD) entre otros: a)\u00a0 la seudonimizaci\u00f3n y el cifrado de datos personales;b)\u00a0 la capacidad de garantizar la confidencialidad, integridad, disponibilidad y resiliencia permanentes de los sistemas y servicios de tratamiento; c)\u00a0 la capacidad de restaurar la disponibilidad y el acceso a los datos personales de forma r\u00e1pida en caso de incidente f\u00edsico o t\u00e9cnico; d)\u00a0 un proceso de verificaci\u00f3n, evaluaci\u00f3n y valoraci\u00f3n regulares de la eficacia de las medidas t\u00e9cnicas y organizativas para garantizar la seguridad del tratamiento.<\/p>\n<p>El responsable del tratamiento tomar\u00e1n medidas para garantizar que cualquier persona que act\u00fae bajo la autoridad del responsable del tratamiento y tenga acceso a datos personales, solo pueda tratar dichos datos siguiendo instrucciones del responsable, salvo que est\u00e9 obligada a ello en virtud del Derecho de la Uni\u00f3n o de los Estados miembros.<\/p>\n<p>AdriGi Canarias, S.L.U., se compromete a no tratar los datos de car\u00e1cter personal para finalidades diferentes a las pactadas, as\u00ed como a no cederlos ni a comunicarlos a terceros salvo obligaci\u00f3n legal.<\/p>\n<p>AdriGi Canarias, S.L.U., se compromete a devolver a la finalizaci\u00f3n del contrato de prestaci\u00f3n de servicios, cuantos soportes contengan datos de car\u00e1cter personal, procediendo, en su caso, al borrado de aquellos soportes y documentos que se encuentren en su poder, salvaguardando en todo caso las pruebas necesarias respecto a las actuaciones que se hayan realizado.<\/p>\n<p>AdriGi Canarias, S.L.U., se obliga a cumplir con el secreto profesional y de confidencialidad respecto a los datos de car\u00e1cter personal objeto del tratamiento, debiendo guardar secreto profesional y confidencialidad durante la vigencia del servicio contratado, y con posterioridad a la expiraci\u00f3n del mismo. Asimismo se obliga a informar y hacer cumplir a sus empleados, las obligaciones legales establecidas por ley, y en especial, el deber de secreto, confidencialidad y cumplimiento de las medidas de seguridad t\u00e9cnicas y organizativas para garantizar la seguridad del tratamiento.<\/p>\n<p>AdriGi Canarias, S.L.U., est\u00e1 facultada para conservar los datos de car\u00e1cter personal, debidamente bloqueados, en tanto pudieran derivarse responsabilidades de su relaci\u00f3n con el Responsable del tratamiento\/Cliente o cuando exista una obligaci\u00f3n legal de conservaci\u00f3n de dichos datos exigible al Encargado del tratamiento.<\/p>\n<p>AdriGi Canarias, S.L.U., garantiza, conforme a la normativa vigente nacional y comunitaria en materia de protecci\u00f3n de datos personales, la protecci\u00f3n de los datos de car\u00e1cter personal y el ejercicio por sus titulares de los derechos, reconocidos en los art\u00edculos del 15 al 21 del Reglamento General Europeo de Protecci\u00f3n de Datos 679\/2016, de 27 de abril (RGPD).<\/p>\n<p>No se ceder\u00e1n datos a terceros, salvo obligaci\u00f3n legal. Los derechos que le asisten son el de presentar una reclamaci\u00f3n ante una autoridad de control, el derecho de acceso, rectificaci\u00f3n, cancelaci\u00f3n, limitaci\u00f3n u oposici\u00f3n a su tratamiento (DERECHOS ARCO)<strong>, <\/strong>a la transparencia de la informaci\u00f3n, supresi\u00f3n (derecho al olvido), portabilidad de sus datos personales,<strong> previa <\/strong>acreditaci\u00f3n de su identidad, mediante solicitud\/petici\u00f3n remitida por correo postal\/correo electr\u00f3nico, a la direcci\u00f3n postal \/correo electr\u00f3nico de la empresa, <strong>con direcci\u00f3n en <\/strong>la calle Los Algarrobos, 17 &#8211; 2, pol\u00edgono de Arinaga, Ag\u00fcimes, c\u00f3digo postal 35118, &#8211; Las Palmas.<\/p>\n","protected":false},"excerpt":{"rendered":"<p>POL\u00cdTICA DE PRIVACIDAD \/ PROTECCI\u00d3N DE DATOS PERSONALES AdriGi Canarias, S.L.U., con C.I.F. B-76323484, le informa, conforme dispone los art\u00edculos 13\u00a0 y 14 del Reglamento General Europeo de Protecci\u00f3n de Datos 679\/2016, de 27 de abril (RGPD), que los datos personales que nos ha facilitado, ser\u00e1n tratados por AdriGi Canarias, S.L.U., como Responsable del tratamiento, &hellip; <a href=\"http:\/\/www.perfectscreen.eu\/pantallas\/perfectscreen\/politica-de-privacidad\/\" class=\"more-link\">Seguir leyendo <span class=\"screen-reader-text\">Pol\u00edtica de privacidad<\/span> <span class=\"meta-nav\">&rarr;<\/span><\/a><\/p>\n","protected":false},"author":1,"featured_media":0,"parent":18,"menu_order":0,"comment_status":"closed","ping_status":"closed","template":"","meta":[],"_links":{"self":[{"href":"http:\/\/www.perfectscreen.eu\/pantallas\/wp-json\/wp\/v2\/pages\/551"}],"collection":[{"href":"http:\/\/www.perfectscreen.eu\/pantallas\/wp-json\/wp\/v2\/pages"}],"about":[{"href":"http:\/\/www.perfectscreen.eu\/pantallas\/wp-json\/wp\/v2\/types\/page"}],"author":[{"embeddable":true,"href":"http:\/\/www.perfectscreen.eu\/pantallas\/wp-json\/wp\/v2\/users\/1"}],"replies":[{"embeddable":true,"href":"http:\/\/www.perfectscreen.eu\/pantallas\/wp-json\/wp\/v2\/comments?post=551"}],"version-history":[{"count":3,"href":"http:\/\/www.perfectscreen.eu\/pantallas\/wp-json\/wp\/v2\/pages\/551\/revisions"}],"predecessor-version":[{"id":682,"href":"http:\/\/www.perfectscreen.eu\/pantallas\/wp-json\/wp\/v2\/pages\/551\/revisions\/682"}],"up":[{"embeddable":true,"href":"http:\/\/www.perfectscreen.eu\/pantallas\/wp-json\/wp\/v2\/pages\/18"}],"wp:attachment":[{"href":"http:\/\/www.perfectscreen.eu\/pantallas\/wp-json\/wp\/v2\/media?parent=551"}],"curies":[{"name":"wp","href":"https:\/\/api.w.org\/{rel}","templated":true}]}}