{"id":6,"date":"2015-03-24T17:17:45","date_gmt":"2015-03-24T17:17:45","guid":{"rendered":"http:\/\/www.perfectscreen.eu\/pantallas\/?page_id=6"},"modified":"2024-10-10T18:00:44","modified_gmt":"2024-10-10T18:00:44","slug":"contacto","status":"publish","type":"page","link":"http:\/\/www.perfectscreen.eu\/pantallas\/contacto\/","title":{"rendered":"Contacto"},"content":{"rendered":"<p>Los Algarrobos, 17 &#8211; 2 | Pol\u00edgono de Arinaga | Las Palmas<br \/>\n<img decoding=\"async\" loading=\"lazy\" class=\"alignleft size-full wp-image-469\" src=\"http:\/\/www.perfectscreen.eu\/pantallas\/wp-content\/uploads\/2018\/01\/contacto2.jpg\" alt=\"\" width=\"1000\" height=\"200\" srcset=\"http:\/\/www.perfectscreen.eu\/pantallas\/wp-content\/uploads\/2018\/01\/contacto2.jpg 1000w, http:\/\/www.perfectscreen.eu\/pantallas\/wp-content\/uploads\/2018\/01\/contacto2-300x60.jpg 300w, http:\/\/www.perfectscreen.eu\/pantallas\/wp-content\/uploads\/2018\/01\/contacto2-768x154.jpg 768w\" sizes=\"(max-width: 1000px) 100vw, 1000px\" \/><\/p>\n<p><em><strong> Dptm. Ventas y Comercial<\/strong><\/em><br \/>\n928149799 | 616170896<br \/>\n<em><strong>Dptm. Servicio T\u00e9cnico<\/strong><\/em><br \/>\n693805863 | 616170896 | 653696274<\/p>\n<div class=\"wpforms-container wpforms-container-full wpforms-render-modern\" id=\"wpforms-863\"><form id=\"wpforms-form-863\" class=\"wpforms-validate wpforms-form wpforms-ajax-form\" data-formid=\"863\" method=\"post\" enctype=\"multipart\/form-data\" action=\"\/pantallas\/wp-json\/wp\/v2\/pages\/6\" data-token=\"d43617983c57e5fbdda255e5c6a62475\"><noscript class=\"wpforms-error-noscript\">Por favor, activa JavaScript en tu navegador para completar este formulario.<\/noscript><div class=\"wpforms-hidden\" id=\"wpforms-error-noscript\">Por favor, activa JavaScript en tu navegador para completar este formulario.<\/div><div class=\"wpforms-field-container\"><div id=\"wpforms-863-field_0-container\" class=\"wpforms-field wpforms-field-name\" data-field-id=\"0\"><label class=\"wpforms-field-label\" for=\"wpforms-863-field_0\">Nombre <span class=\"wpforms-required-label\" aria-hidden=\"true\">*<\/span><\/label><input type=\"text\" id=\"wpforms-863-field_0\" class=\"wpforms-field-medium wpforms-field-required\" name=\"wpforms[fields][0]\" aria-errormessage=\"wpforms-863-field_0-error\" required><\/div><div id=\"wpforms-863-field_1-container\" class=\"wpforms-field wpforms-field-email\" data-field-id=\"1\"><label class=\"wpforms-field-label\" for=\"wpforms-863-field_1\">Correo electr\u00f3nico <span class=\"wpforms-required-label\" aria-hidden=\"true\">*<\/span><\/label><input type=\"email\" id=\"wpforms-863-field_1\" class=\"wpforms-field-medium wpforms-field-required\" name=\"wpforms[fields][1]\" spellcheck=\"false\" aria-errormessage=\"wpforms-863-field_1-error\" required><\/div><div id=\"wpforms-863-field_2-container\" class=\"wpforms-field wpforms-field-textarea\" data-field-id=\"2\"><label class=\"wpforms-field-label\" for=\"wpforms-863-field_2\">Hablame m\u00e1s de acerca de tu futura pantalla <span class=\"wpforms-required-label\" aria-hidden=\"true\">*<\/span><\/label><textarea id=\"wpforms-863-field_2\" class=\"wpforms-field-medium wpforms-field-required\" name=\"wpforms[fields][2]\" aria-errormessage=\"wpforms-863-field_2-error\" required><\/textarea><\/div><\/div><!-- .wpforms-field-container --><div class=\"wpforms-submit-container\" ><input type=\"hidden\" name=\"wpforms[id]\" value=\"863\"><input type=\"hidden\" name=\"wpforms[author]\" value=\"1\"><button type=\"submit\" name=\"wpforms[submit]\" id=\"wpforms-submit-863\" class=\"wpforms-submit\" data-alt-text=\"Enviando...\" data-submit-text=\"Enviar\" aria-live=\"assertive\" value=\"wpforms-submit\">Enviar<\/button><img src=\"http:\/\/www.perfectscreen.eu\/pantallas\/wp-content\/plugins\/wpforms-lite\/assets\/images\/submit-spin.svg\" class=\"wpforms-submit-spinner\" style=\"display: none;\" width=\"26\" height=\"26\" alt=\"Cargando\"><\/div><\/form><\/div>  <!-- .wpforms-container -->\n<p>Pulsando el bot\u00f3n enviar acepta las condiciones de protecci\u00f3n de datos establecidas en el siguiente <a href=\"http:\/\/www.perfectscreen.eu\/pantallas\/perfectscreen\/politica-de-privacidad\/\" target=\"_blank\" rel=\"noopener\">link<\/a><\/p>\n<p><iframe loading=\"lazy\" style=\"border: 0;\" src=\"https:\/\/www.google.com\/maps\/embed?pb=!1m14!1m8!1m3!1d3527.983909986896!2d-15.449432999999999!3d27.841030999999994!3m2!1i1024!2i768!4f13.1!3m3!1m2!1s0xc409f00965c1489%3A0xc1c6d54492faa5eb!2sperfectscreen.eu+Pantallas+Canarias!5e0!3m2!1ses!2ses!4v1433333395159\" width=\"400\" height=\"300\" frameborder=\"0\"><\/iframe><\/p>\n","protected":false},"excerpt":{"rendered":"<p>Los Algarrobos, 17 &#8211; 2 | Pol\u00edgono de Arinaga | Las Palmas Dptm. Ventas y Comercial 928149799 | 616170896 Dptm. Servicio T\u00e9cnico 693805863 | 616170896 | 653696274 Pulsando el bot\u00f3n enviar acepta las condiciones de protecci\u00f3n de datos establecidas en el siguiente link<\/p>\n","protected":false},"author":1,"featured_media":0,"parent":0,"menu_order":0,"comment_status":"open","ping_status":"open","template":"","meta":[],"_links":{"self":[{"href":"http:\/\/www.perfectscreen.eu\/pantallas\/wp-json\/wp\/v2\/pages\/6"}],"collection":[{"href":"http:\/\/www.perfectscreen.eu\/pantallas\/wp-json\/wp\/v2\/pages"}],"about":[{"href":"http:\/\/www.perfectscreen.eu\/pantallas\/wp-json\/wp\/v2\/types\/page"}],"author":[{"embeddable":true,"href":"http:\/\/www.perfectscreen.eu\/pantallas\/wp-json\/wp\/v2\/users\/1"}],"replies":[{"embeddable":true,"href":"http:\/\/www.perfectscreen.eu\/pantallas\/wp-json\/wp\/v2\/comments?post=6"}],"version-history":[{"count":21,"href":"http:\/\/www.perfectscreen.eu\/pantallas\/wp-json\/wp\/v2\/pages\/6\/revisions"}],"predecessor-version":[{"id":876,"href":"http:\/\/www.perfectscreen.eu\/pantallas\/wp-json\/wp\/v2\/pages\/6\/revisions\/876"}],"wp:attachment":[{"href":"http:\/\/www.perfectscreen.eu\/pantallas\/wp-json\/wp\/v2\/media?parent=6"}],"curies":[{"name":"wp","href":"https:\/\/api.w.org\/{rel}","templated":true}]}}