{"id":94,"date":"2015-04-06T12:19:15","date_gmt":"2015-04-06T12:19:15","guid":{"rendered":"http:\/\/www.perfectscreen.eu\/pantallas\/?page_id=94"},"modified":"2015-05-12T15:20:26","modified_gmt":"2015-05-12T15:20:26","slug":"hazte-distribuidor-perfectscreen","status":"publish","type":"page","link":"http:\/\/www.perfectscreen.eu\/pantallas\/perfectscreen\/hazte-distribuidor-perfectscreen\/","title":{"rendered":"Hazte distribuidor PerfectScreen"},"content":{"rendered":"<p><img decoding=\"async\" loading=\"lazy\" class=\"  wp-image-251 aligncenter\" src=\"http:\/\/www.perfectscreen.eu\/pantallas\/wp-content\/uploads\/2015\/04\/logo.png\" alt=\"logo\" width=\"331\" height=\"60\" srcset=\"http:\/\/www.perfectscreen.eu\/pantallas\/wp-content\/uploads\/2015\/04\/logo.png 648w, http:\/\/www.perfectscreen.eu\/pantallas\/wp-content\/uploads\/2015\/04\/logo-300x54.png 300w\" sizes=\"(max-width: 331px) 100vw, 331px\" \/><\/p>\n<p style=\"text-align: center;\"><img decoding=\"async\" loading=\"lazy\" class=\" size-full wp-image-306 alignright\" src=\"http:\/\/www.perfectscreen.eu\/pantallas\/wp-content\/uploads\/2015\/04\/franquicia.jpg\" alt=\"franquicia\" width=\"301\" height=\"450\" srcset=\"http:\/\/www.perfectscreen.eu\/pantallas\/wp-content\/uploads\/2015\/04\/franquicia.jpg 301w, http:\/\/www.perfectscreen.eu\/pantallas\/wp-content\/uploads\/2015\/04\/franquicia-201x300.jpg 201w\" sizes=\"(max-width: 301px) 100vw, 301px\" \/><\/p>\n<p><strong>\u00bfLe gusta lo que ve? \u00bfLe gusta el impacto que ofrece el producto? \u00bfLe gustar\u00eda aumentar sus ventas?<\/strong><\/p>\n<p>\u00danase al grupo de empresas que forman la franquicia PerfectScreen y empiece a descubrir el beneficio que podr\u00eda obtener con la venta de publicidad y marketing de impacto que ofrecen nuestras pantallas.<\/p>\n<p>S\u00ed estuviera interesado en tener beneficios extra en su empresa o decidiera emprender un proyecto innovador descubra nuestro modelo de negocio y p\u00eddanos una cita en<\/p>\n<p><strong>comercial@reyessantana.com<\/strong> o llamando directamente al tel\u00e9fono <strong>928149799 \/ 616170896<\/strong><\/p>\n","protected":false},"excerpt":{"rendered":"<p>\u00bfLe gusta lo que ve? \u00bfLe gusta el impacto que ofrece el producto? \u00bfLe gustar\u00eda aumentar sus ventas? \u00danase al grupo de empresas que forman la franquicia PerfectScreen y empiece a descubrir el beneficio que podr\u00eda obtener con la venta de publicidad y marketing de impacto que ofrecen nuestras pantallas. S\u00ed estuviera interesado en tener &hellip; <a href=\"http:\/\/www.perfectscreen.eu\/pantallas\/perfectscreen\/hazte-distribuidor-perfectscreen\/\" class=\"more-link\">Seguir leyendo <span class=\"screen-reader-text\">Hazte distribuidor PerfectScreen<\/span> <span class=\"meta-nav\">&rarr;<\/span><\/a><\/p>\n","protected":false},"author":1,"featured_media":0,"parent":18,"menu_order":0,"comment_status":"open","ping_status":"open","template":"","meta":[],"_links":{"self":[{"href":"http:\/\/www.perfectscreen.eu\/pantallas\/wp-json\/wp\/v2\/pages\/94"}],"collection":[{"href":"http:\/\/www.perfectscreen.eu\/pantallas\/wp-json\/wp\/v2\/pages"}],"about":[{"href":"http:\/\/www.perfectscreen.eu\/pantallas\/wp-json\/wp\/v2\/types\/page"}],"author":[{"embeddable":true,"href":"http:\/\/www.perfectscreen.eu\/pantallas\/wp-json\/wp\/v2\/users\/1"}],"replies":[{"embeddable":true,"href":"http:\/\/www.perfectscreen.eu\/pantallas\/wp-json\/wp\/v2\/comments?post=94"}],"version-history":[{"count":5,"href":"http:\/\/www.perfectscreen.eu\/pantallas\/wp-json\/wp\/v2\/pages\/94\/revisions"}],"predecessor-version":[{"id":307,"href":"http:\/\/www.perfectscreen.eu\/pantallas\/wp-json\/wp\/v2\/pages\/94\/revisions\/307"}],"up":[{"embeddable":true,"href":"http:\/\/www.perfectscreen.eu\/pantallas\/wp-json\/wp\/v2\/pages\/18"}],"wp:attachment":[{"href":"http:\/\/www.perfectscreen.eu\/pantallas\/wp-json\/wp\/v2\/media?parent=94"}],"curies":[{"name":"wp","href":"https:\/\/api.w.org\/{rel}","templated":true}]}}